{"id":144,"date":"2021-09-22T08:58:38","date_gmt":"2021-09-22T08:58:38","guid":{"rendered":"https:\/\/ich-liebe-fisch.de\/?page_id=144"},"modified":"2021-09-23T09:15:14","modified_gmt":"2021-09-23T09:15:14","slug":"agbs","status":"publish","type":"page","link":"https:\/\/ich-liebe-fisch.de\/?page_id=144","title":{"rendered":"AGB`s"},"content":{"rendered":"<div data-colibri-id=\"144-c1\" class=\"style-259 style-local-144-c1 position-relative\">\n  <!---->\n  <div data-colibri-component=\"section\" data-colibri-id=\"144-c2\" id=\"custom\" class=\"h-section h-section-global-spacing d-flex align-items-lg-center align-items-md-center align-items-center style-260 style-local-144-c2 position-relative\">\n    <!---->\n    <!---->\n    <div class=\"h-section-grid-container h-section-boxed-container\">\n      <!---->\n      <div data-colibri-id=\"144-c5\" class=\"h-row-container gutters-row-lg-2 gutters-row-md-2 gutters-row-0 gutters-row-v-lg-2 gutters-row-v-md-2 gutters-row-v-2 style-263 style-local-144-c5 position-relative\">\n        <!---->\n        <div class=\"h-row justify-content-lg-center justify-content-md-center justify-content-center align-items-lg-stretch align-items-md-stretch align-items-stretch gutters-col-lg-2 gutters-col-md-2 gutters-col-0 gutters-col-v-lg-2 gutters-col-v-md-2 gutters-col-v-2\">\n          <!---->\n          <div class=\"h-column h-column-container d-flex h-col-lg-auto h-col-md-auto h-col-auto style-264-outer style-local-144-c6-outer\">\n            <div data-colibri-id=\"144-c6\" class=\"d-flex h-flex-basis h-column__inner h-px-lg-2 h-px-md-2 h-px-2 v-inner-lg-2 v-inner-md-2 v-inner-2 style-264 style-local-144-c6 position-relative\">\n              <!---->\n              <!---->\n              <div class=\"w-100 h-y-container h-column__content h-column__v-align flex-basis-100 align-self-lg-start align-self-md-start align-self-start\">\n                <!---->\n                <div data-colibri-id=\"144-c7\" class=\"h-text h-text-component style-265 style-local-144-c7 position-relative h-element\">\n                  <!---->\n                  <!---->\n                  <div class=\"\">\n                    <p>\n                      <br>\n                    <\/p>\n                    <p>Fischfeinkost Dombrowski<\/p>\n                    <p>Gewerbegebiet Ravensbusch<\/p>\n                    <p>Segeberger Stra\u00dfe<\/p>\n                    <p>\n                      <br>\n                    <\/p>\n                    <p>Telefon 0451-4946241<\/p>\n                    <p>Telefax 0451-4946241<\/p>\n                    <p>E-Mail: dombrowski.karin@outlook.de<\/p>\n                    <p>\n                      <br>\n                    <\/p>\n                    <p>Gesch\u00e4ftsinhaber J\u00fcrgen Dombrowski<\/p>\n                    <p>\n                      <br>\n                    <\/p>\n                    <p>\n                      <br>\n                    <\/p>\n                    <p>Allgemeine Gesch\u00e4ftsbedingungen<\/p>\n                    <p>\n                      <br>\n                    <\/p>\n                    <p>1. Allgemeines<\/p>\n                    <p>Die nachstehenden Bedingungen gelten f\u00fcr unsere Lieferungen und Leistungen. Allgemeine oder abweichende Gesch\u00e4ftsbedingungen des K\u00e4ufers sind ausgeschlossen, es sei denn, wir haben sie vorher schriftlich anerkannt.<\/p>\n                    <p>\n                      <br>\n                    <\/p>\n                    <p>2. Bestellung<\/p>\n                    <p>Die vom K\u00e4ufer per Internet, schriftlich, m\u00fcndlich oder telefonisch aufgegebene Bestellung ist bindend.<\/p>\n                    <p>\n                      <br>\n                    <\/p>\n                    <p>3. Preise<\/p>\n                    <p>F\u00fcr die Bestellung gelten die aufgef\u00fchrten Preise am Tag der Bestellung. Alle Preise sind Abholpreise. Fehler auf der Internetseite behalten wir uns vor.<\/p>\n                    <p>\n                      <br>\n                    <\/p>\n                    <p>4. Lieferbedingungen<\/p>\n                    <p>Stadt Bad Schwartau, Stadt L\u00fcbeck und Gemeinde Stockelsdorf&nbsp;frei Haus. Andere Bezirke nach Absprache.<\/p>\n                    <p>\n                      <br>\n                    <\/p>\n                    <p>5. Zahlungsbedingungen<\/p>\n                    <p>Die Zahlung ist f\u00e4llig bei Abholung der Ware bzw. Anlieferung der Ware.<\/p>\n                    <p>6. M\u00e4ngelr\u00fcgen und Beanstandungen<\/p>\n                    <p>Der Besteller hat die Ware bei der \u00dcbernahme auf Unstimmigkeiten zu pr\u00fcfen. Nachweisbare M\u00e4ngel k\u00f6nnen von uns nachgebessert werden. Eine Schadensersatzhaftung f\u00fcr die nicht rechtzeitige Bereitstellung der Ware ist in jedem Falle ausgeschlossen.<\/p>\n                    <p>\n                      <br>\n                    <\/p>\n                    <p>7. Gerichtsstand<\/p>\n                    <p>Erf\u00fcllungsort und Gerichtsstand f\u00fcr beide Parteien ist Eutin.<\/p>\n                    <p>\n                      <br>\n                    <\/p>\n                    <p>8. Unwirksamkeit<\/p>\n                    <p>Sollte eine der vorgenannten Klauseln unwirksam sein, ber\u00fchrt dies nicht die Wirksamkeit der restlichen Klauseln.<\/p>\n                    <p>\n                      <br>\n                    <\/p>\n                  <\/div>\n                <\/div>\n              <\/div>\n            <\/div>\n          <\/div>\n        <\/div>\n      <\/div>\n      <div data-colibri-id=\"144-c3\" class=\"h-row-container gutters-row-lg-2 gutters-row-md-2 gutters-row-0 gutters-row-v-lg-2 gutters-row-v-md-2 gutters-row-v-2 style-261 style-local-144-c3 position-relative\">\n        <!---->\n        <div class=\"h-row justify-content-lg-center justify-content-md-center justify-content-center align-items-lg-stretch align-items-md-stretch align-items-stretch gutters-col-lg-2 gutters-col-md-2 gutters-col-0 gutters-col-v-lg-2 gutters-col-v-md-2 gutters-col-v-2\">\n          <!---->\n          <div class=\"h-column h-column-container d-flex h-col-lg-auto h-col-md-auto h-col-auto style-262-outer style-local-144-c4-outer\">\n            <div data-colibri-id=\"144-c4\" class=\"d-flex h-flex-basis h-column__inner h-ui-empty-state-container h-px-lg-2 h-px-md-2 h-px-2 v-inner-lg-2 v-inner-md-2 v-inner-2 style-262 style-local-144-c4 position-relative\">\n              <!---->\n              <!---->\n              <div class=\"w-100 h-y-container h-column__content h-column__v-align flex-basis-100\">\n                <!---->\n              <\/div>\n            <\/div>\n          <\/div>\n        <\/div>\n      <\/div>\n    <\/div>\n  <\/div>\n<\/div>","protected":false},"excerpt":{"rendered":"<p>Fischfeinkost Dombrowski Gewerbegebiet Ravensbusch Segeberger Stra\u00dfe Telefon 0451-4946241 Telefax 0451-4946241 E-Mail: dombrowski.karin@outlook.de Gesch\u00e4ftsinhaber J\u00fcrgen Dombrowski Allgemeine Gesch\u00e4ftsbedingungen 1. Allgemeines Die nachstehenden Bedingungen gelten f\u00fcr unsere Lieferungen und Leistungen. Allgemeine oder [&hellip;]<\/p>\n","protected":false},"author":1,"featured_media":0,"parent":0,"menu_order":0,"comment_status":"closed","ping_status":"closed","template":"page-templates\/full-width-page.php","meta":{"footnotes":""},"class_list":["post-144","page","type-page","status-publish","hentry"],"_links":{"self":[{"href":"https:\/\/ich-liebe-fisch.de\/index.php?rest_route=\/wp\/v2\/pages\/144","targetHints":{"allow":["GET"]}}],"collection":[{"href":"https:\/\/ich-liebe-fisch.de\/index.php?rest_route=\/wp\/v2\/pages"}],"about":[{"href":"https:\/\/ich-liebe-fisch.de\/index.php?rest_route=\/wp\/v2\/types\/page"}],"author":[{"embeddable":true,"href":"https:\/\/ich-liebe-fisch.de\/index.php?rest_route=\/wp\/v2\/users\/1"}],"replies":[{"embeddable":true,"href":"https:\/\/ich-liebe-fisch.de\/index.php?rest_route=%2Fwp%2Fv2%2Fcomments&post=144"}],"version-history":[{"count":2,"href":"https:\/\/ich-liebe-fisch.de\/index.php?rest_route=\/wp\/v2\/pages\/144\/revisions"}],"predecessor-version":[{"id":207,"href":"https:\/\/ich-liebe-fisch.de\/index.php?rest_route=\/wp\/v2\/pages\/144\/revisions\/207"}],"wp:attachment":[{"href":"https:\/\/ich-liebe-fisch.de\/index.php?rest_route=%2Fwp%2Fv2%2Fmedia&parent=144"}],"curies":[{"name":"wp","href":"https:\/\/api.w.org\/{rel}","templated":true}]}}