{"id":142,"date":"2021-09-22T08:58:38","date_gmt":"2021-09-22T08:58:38","guid":{"rendered":"https:\/\/ich-liebe-fisch.de\/?page_id=142"},"modified":"2022-05-03T05:15:05","modified_gmt":"2022-05-03T05:15:05","slug":"angebot","status":"publish","type":"page","link":"https:\/\/ich-liebe-fisch.de\/?page_id=142","title":{"rendered":"ANGEBOT"},"content":{"rendered":"<div data-colibri-id=\"142-c1\" class=\"style-266 style-local-142-c1 position-relative\">\n  <!---->\n  <div data-colibri-component=\"section\" data-colibri-id=\"142-c2\" id=\"about\" class=\"h-section h-section-global-spacing d-flex align-items-lg-center align-items-md-center align-items-center style-274 style-local-142-c2 position-relative\">\n    <!---->\n    <!---->\n    <div class=\"h-section-grid-container h-section-boxed-container\">\n      <!---->\n      <div data-colibri-id=\"142-c3\" class=\"h-row-container gutters-row-lg-0 gutters-row-md-0 gutters-row-0 gutters-row-v-lg-0 gutters-row-v-md-0 gutters-row-v-0 style-275 style-local-142-c3 position-relative\">\n        <!---->\n        <div class=\"h-row justify-content-lg-center justify-content-md-center justify-content-center align-items-lg-stretch align-items-md-stretch align-items-stretch gutters-col-lg-0 gutters-col-md-0 gutters-col-0 gutters-col-v-lg-0 gutters-col-v-md-0 gutters-col-v-0\">\n          <!---->\n          <div class=\"h-column h-column-container d-flex h-col-lg-auto h-col-md-auto h-col-auto style-276-outer style-local-142-c4-outer\">\n            <div data-colibri-id=\"142-c4\" class=\"d-flex h-flex-basis h-column__inner h-px-lg-0 h-px-md-0 h-px-0 v-inner-lg-0 v-inner-md-0 v-inner-0 style-276 style-local-142-c4 position-relative\">\n              <!---->\n              <!---->\n              <div class=\"w-100 h-y-container h-column__content h-column__v-align flex-basis-100 align-self-lg-start align-self-md-start align-self-start\">\n                <!---->\n                <div data-colibri-id=\"142-c5\" class=\"h-global-transition-all h-heading style-278 style-local-142-c5 position-relative h-element\">\n                  <!---->\n                  <div class=\"h-heading__outer style-278 style-local-142-c5\">\n                    <!---->\n                    <!---->\n                    <h2 class=\"\">Genie\u00dfen Sie frischen Fisch &#8211; jeden Tag<\/h2>\n                  <\/div>\n                <\/div>\n                <div data-colibri-id=\"142-c6\" class=\"h-text h-text-component style-279 style-local-142-c6 position-relative h-element\">\n                  <!---->\n                  <!---->\n                  <div class=\"\">\n                    <p>Jeden Morgen kommt unser Lieferant und bringt uns frischen Fisch. Wir haben Doraden, Forellen, Schollen und diverse Fischfilets wie Lachs, Seelachs, Rotbarsch und Dorsch immer vorr\u00e4tig.\n                      <br>M\u00f6chten Sie etwas Besonderes &#8211; sagen Sie uns Bescheid und wir besorgen es f\u00fcr den n\u00e4chstenTag.\n                      <br>\n                    <\/p>\n                  <\/div>\n                <\/div>\n              <\/div>\n            <\/div>\n          <\/div>\n          <div class=\"h-column h-column-container d-flex h-col-lg-auto h-col-md-auto h-col-auto style-280-outer style-local-142-c7-outer\">\n            <div data-colibri-id=\"142-c7\" class=\"d-flex h-flex-basis h-column__inner h-ui-empty-state-container h-px-lg-2 h-px-md-2 h-px-2 v-inner-lg-2 v-inner-md-2 v-inner-2 style-280 style-local-142-c7 position-relative\">\n              <!---->\n              <!---->\n              <div class=\"w-100 h-y-container h-column__content h-column__v-align flex-basis-100\">\n                <!---->\n              <\/div>\n            <\/div>\n          <\/div>\n        <\/div>\n      <\/div>\n    <\/div>\n  <\/div>\n  <div data-colibri-component=\"section\" data-colibri-id=\"142-c8\" id=\"about-2\" class=\"h-section h-section-global-spacing d-flex align-items-lg-center align-items-md-center align-items-center style-281 style-local-142-c8 position-relative\">\n    <!---->\n    <!---->\n    <div class=\"h-section-grid-container h-section-boxed-container\">\n      <!---->\n      <div data-colibri-id=\"142-c9\" class=\"h-row-container gutters-row-lg-0 gutters-row-md-0 gutters-row-0 gutters-row-v-lg-0 gutters-row-v-md-0 gutters-row-v-0 style-282 style-local-142-c9 position-relative\">\n        <!---->\n        <div class=\"h-row justify-content-lg-center justify-content-md-center justify-content-center align-items-lg-stretch align-items-md-stretch align-items-stretch gutters-col-lg-0 gutters-col-md-0 gutters-col-0 gutters-col-v-lg-0 gutters-col-v-md-0 gutters-col-v-0\">\n          <!---->\n          <div class=\"h-column h-column-container d-flex h-col-lg-auto h-col-md-auto h-col-auto style-283-outer style-local-142-c10-outer\">\n            <div data-colibri-id=\"142-c10\" class=\"d-flex h-flex-basis h-column__inner h-ui-empty-state-container h-px-lg-0 h-px-md-0 h-px-0 v-inner-lg-0 v-inner-md-0 v-inner-0 style-283 style-local-142-c10 position-relative\">\n              <!---->\n              <!---->\n              <div class=\"w-100 h-y-container h-column__content h-column__v-align flex-basis-100\">\n                <!---->\n              <\/div>\n            <\/div>\n          <\/div>\n          <div class=\"h-column h-column-container d-flex h-col-lg-auto h-col-md-auto h-col-auto style-284-outer style-local-142-c11-outer\">\n            <div data-colibri-id=\"142-c11\" class=\"d-flex h-flex-basis h-column__inner h-px-lg-2 h-px-md-2 h-px-2 v-inner-lg-2 v-inner-md-2 v-inner-2 style-284 style-local-142-c11 position-relative\">\n              <!---->\n              <!---->\n              <div class=\"w-100 h-y-container h-column__content h-column__v-align flex-basis-100 align-self-lg-start align-self-md-start align-self-start\">\n                <!---->\n                <div data-colibri-id=\"142-c12\" class=\"h-global-transition-all h-heading style-286 style-local-142-c12 position-relative h-element\">\n                  <!---->\n                  <div class=\"h-heading__outer style-286 style-local-142-c12\">\n                    <!---->\n                    <!---->\n                    <h2 class=\"\">Unser R\u00e4ucherfisch ist frisch und lecker <\/h2>\n                  <\/div>\n                <\/div>\n                <div data-colibri-id=\"142-c13\" class=\"h-text h-text-component style-287 style-local-142-c13 position-relative h-element\">\n                  <!---->\n                  <!---->\n                  <div class=\"\">\n                    <p>Wir haben viele Jahre sebst ger\u00e4uchert. Als unser R\u00e4uchermeister in Rente gegangen ist, haben wir eine R\u00e4ucherei gesucht, die unseren Anspr\u00fcchen entspricht. Nun bekommen wir unsere Ware von einem mittelst\u00e4ndischen Familienunternehmen\n                      in der 2. Generation von der Nordsee.\n                      <br>\n                    <\/p>\n                  <\/div>\n                <\/div>\n              <\/div>\n            <\/div>\n          <\/div>\n        <\/div>\n      <\/div>\n    <\/div>\n  <\/div>\n  <div data-colibri-component=\"section\" data-colibri-id=\"142-c14\" id=\"about-3\" class=\"h-section h-section-global-spacing d-flex align-items-lg-center align-items-md-center align-items-center style-290 style-local-142-c14 position-relative\">\n    <!---->\n    <!---->\n    <div class=\"h-section-grid-container h-section-boxed-container\">\n      <!---->\n      <div data-colibri-id=\"142-c15\" class=\"h-row-container gutters-row-lg-0 gutters-row-md-0 gutters-row-0 gutters-row-v-lg-0 gutters-row-v-md-0 gutters-row-v-0 style-291 style-local-142-c15 position-relative\">\n        <!---->\n        <div class=\"h-row justify-content-lg-center justify-content-md-center justify-content-center align-items-lg-stretch align-items-md-stretch align-items-stretch gutters-col-lg-0 gutters-col-md-0 gutters-col-0 gutters-col-v-lg-0 gutters-col-v-md-0 gutters-col-v-0\">\n          <!---->\n          <div class=\"h-column h-column-container d-flex h-col-lg-auto h-col-md-auto h-col-auto style-292-outer style-local-142-c16-outer\">\n            <div data-colibri-id=\"142-c16\" class=\"d-flex h-flex-basis h-column__inner h-ui-empty-state-container h-px-lg-0 h-px-md-0 h-px-0 v-inner-lg-0 v-inner-md-0 v-inner-0 style-292 style-local-142-c16 position-relative\">\n              <!---->\n              <!---->\n              <div class=\"w-100 h-y-container h-column__content h-column__v-align flex-basis-100\">\n                <!---->\n              <\/div>\n            <\/div>\n          <\/div>\n          <div class=\"h-column h-column-container d-flex h-col-lg-auto h-col-md-auto h-col-auto style-293-outer style-local-142-c17-outer\">\n            <div data-colibri-id=\"142-c17\" class=\"d-flex h-flex-basis h-column__inner h-px-lg-2 h-px-md-2 h-px-2 v-inner-lg-2 v-inner-md-2 v-inner-2 style-293 style-local-142-c17 position-relative\">\n              <!---->\n              <!---->\n              <div class=\"w-100 h-y-container h-column__content h-column__v-align flex-basis-100 align-self-lg-start align-self-md-start align-self-start\">\n                <!---->\n                <div data-colibri-id=\"142-c18\" class=\"h-global-transition-all h-heading style-295 style-local-142-c18 position-relative h-element\">\n                  <!---->\n                  <div class=\"h-heading__outer style-295 style-local-142-c18\">\n                    <!---->\n                    <!---->\n                    <h2 class=\"\">Probieren Sie unsere k\u00f6stlichen Salate<\/h2>\n                  <\/div>\n                <\/div>\n                <div data-colibri-id=\"142-c19\" class=\"h-text h-text-component style-296 style-local-142-c19 position-relative h-element\">\n                  <!---->\n                  <!---->\n                  <div class=\"\">\n                    <p>Alle unsere Salate stellen wir jeden Tag in unserer K\u00fcche her. Ob es sich um den Krabbensalat, Dillhappen oder Heringssalat handelt, alles ist von Hand gemacht. Unsere Chefin Karin pellt gerne die Kartoffeln f\u00fcr den Kartoffelsalat.\n                      Auch unser Matjes wird jede Woche von uns eingelegt.\n                      <br>\n                    <\/p>\n                  <\/div>\n                <\/div>\n              <\/div>\n            <\/div>\n          <\/div>\n        <\/div>\n      <\/div>\n    <\/div>\n  <\/div>\n<\/div>","protected":false},"excerpt":{"rendered":"<p>Genie\u00dfen Sie frischen Fisch &#8211; jeden Tag Jeden Morgen kommt unser Lieferant und bringt uns frischen Fisch. Wir haben Doraden, Forellen, Schollen und diverse Fischfilets wie Lachs, Seelachs, Rotbarsch und [&hellip;]<\/p>\n","protected":false},"author":1,"featured_media":0,"parent":0,"menu_order":0,"comment_status":"closed","ping_status":"closed","template":"page-templates\/full-width-page.php","meta":{"footnotes":""},"class_list":["post-142","page","type-page","status-publish","hentry"],"_links":{"self":[{"href":"https:\/\/ich-liebe-fisch.de\/index.php?rest_route=\/wp\/v2\/pages\/142","targetHints":{"allow":["GET"]}}],"collection":[{"href":"https:\/\/ich-liebe-fisch.de\/index.php?rest_route=\/wp\/v2\/pages"}],"about":[{"href":"https:\/\/ich-liebe-fisch.de\/index.php?rest_route=\/wp\/v2\/types\/page"}],"author":[{"embeddable":true,"href":"https:\/\/ich-liebe-fisch.de\/index.php?rest_route=\/wp\/v2\/users\/1"}],"replies":[{"embeddable":true,"href":"https:\/\/ich-liebe-fisch.de\/index.php?rest_route=%2Fwp%2Fv2%2Fcomments&post=142"}],"version-history":[{"count":11,"href":"https:\/\/ich-liebe-fisch.de\/index.php?rest_route=\/wp\/v2\/pages\/142\/revisions"}],"predecessor-version":[{"id":317,"href":"https:\/\/ich-liebe-fisch.de\/index.php?rest_route=\/wp\/v2\/pages\/142\/revisions\/317"}],"wp:attachment":[{"href":"https:\/\/ich-liebe-fisch.de\/index.php?rest_route=%2Fwp%2Fv2%2Fmedia&parent=142"}],"curies":[{"name":"wp","href":"https:\/\/api.w.org\/{rel}","templated":true}]}}